{"id":5175,"date":"2021-04-21T08:44:55","date_gmt":"2021-04-21T08:44:55","guid":{"rendered":"https:\/\/www.proasis.com\/politica-de-cookies\/"},"modified":"2022-03-14T17:16:27","modified_gmt":"2022-03-14T16:16:27","slug":"politica-de-cookies","status":"publish","type":"page","link":"https:\/\/www.proasis.com\/ca\/politica-de-cookies\/","title":{"rendered":"Pol\u00edtica de cookies"},"content":{"rendered":"\t\t<div data-elementor-type=\"wp-page\" data-elementor-id=\"5175\" class=\"elementor elementor-5175 elementor-62\" data-elementor-post-type=\"page\">\n\t\t\t\t\t\t<section data-particle_enable=\"false\" data-particle-mobile-disabled=\"false\" class=\"elementor-section elementor-top-section elementor-element elementor-element-18764ce elementor-section-height-min-height elementor-section-boxed elementor-section-height-default elementor-section-items-middle\" data-id=\"18764ce\" data-element_type=\"section\" data-settings=\"{&quot;background_background&quot;:&quot;classic&quot;}\">\n\t\t\t\t\t\t<div class=\"elementor-container elementor-column-gap-default\">\n\t\t\t\t\t<div class=\"elementor-column elementor-col-100 elementor-top-column elementor-element elementor-element-01e56df\" data-id=\"01e56df\" data-element_type=\"column\">\n\t\t\t<div class=\"elementor-widget-wrap\">\n\t\t\t\t\t\t\t<\/div>\n\t\t<\/div>\n\t\t\t\t\t<\/div>\n\t\t<\/section>\n\t\t\t\t<section data-particle_enable=\"false\" data-particle-mobile-disabled=\"false\" class=\"elementor-section elementor-top-section elementor-element elementor-element-ce54cff elementor-section-boxed elementor-section-height-default elementor-section-height-default\" data-id=\"ce54cff\" data-element_type=\"section\">\n\t\t\t\t\t\t<div class=\"elementor-container elementor-column-gap-default\">\n\t\t\t\t\t<div class=\"elementor-column elementor-col-100 elementor-top-column elementor-element elementor-element-73d63eb\" data-id=\"73d63eb\" data-element_type=\"column\">\n\t\t\t<div class=\"elementor-widget-wrap elementor-element-populated\">\n\t\t\t\t\t\t<section data-particle_enable=\"false\" data-particle-mobile-disabled=\"false\" class=\"elementor-section elementor-inner-section elementor-element elementor-element-d8be64c elementor-section-boxed elementor-section-height-default elementor-section-height-default\" data-id=\"d8be64c\" data-element_type=\"section\">\n\t\t\t\t\t\t<div class=\"elementor-container elementor-column-gap-default\">\n\t\t\t\t\t<div class=\"elementor-column elementor-col-100 elementor-inner-column elementor-element elementor-element-c2dd8ad\" data-id=\"c2dd8ad\" data-element_type=\"column\">\n\t\t\t<div class=\"elementor-widget-wrap elementor-element-populated\">\n\t\t\t\t\t\t<div class=\"elementor-element elementor-element-0fba5a2 elementor-widget elementor-widget-qi_addons_for_elementor_animated_text\" data-id=\"0fba5a2\" data-element_type=\"widget\" data-widget_type=\"qi_addons_for_elementor_animated_text.default\">\n\t\t\t\t<div class=\"elementor-widget-container\">\n\t\t\t<div class=\"qodef-shortcode qodef-m  qodef-qi-animated-text qodef--animated-by-word qodef--alignment-center qodef-qi--has-appear qodef--appear-from-bottom\" >\n\t\t<h1 class=\"qodef-m-title\">\n\t\t<span class=\"qodef-e-word\">Pol\u00edtica<\/span> <span class=\"qodef-e-word\">de<\/span> <span class=\"qodef-e-word\">cookies<\/span>\t<\/h1>\n<\/div>\n\t\t<\/div>\n\t\t\t\t<\/div>\n\t\t\t\t<div class=\"elementor-element elementor-element-595bd32 animated-slow elementor-invisible elementor-widget elementor-widget-text-editor\" data-id=\"595bd32\" data-element_type=\"widget\" data-settings=\"{&quot;_animation&quot;:&quot;fadeIn&quot;,&quot;_animation_delay&quot;:300}\" data-widget_type=\"text-editor.default\">\n\t\t\t\t<div class=\"elementor-widget-container\">\n\t\t\t\t\t\t\t<p>Les cookies o galetes s\u00f3n petits arxius de text que s\u2019instal\u00b7len als equips des dels qual s\u2019accedeix al nostre lloc web. Entre altres finalitats, les cookies registren les prefer\u00e8ncies i els h\u00e0bits de navegaci\u00f3 d\u2019un usuari. S\u2019associen a l\u2019usuari i al seu equip, per\u00f2 no proporcionen dades directament identificatives. Algunes cookies, per exemple les que permeten elaborar estad\u00edstiques o les publicit\u00e0ries, necessiten el consentiment de l\u2019usuari del nostre lloc. En canvi altres cookies, les de car\u00e0cter t\u00e8cnic o les necess\u00e0ries per oferir un servei sol\u00b7licitat per l\u2019usuari, s\u00f3n imprescindibles per al funcionament del lloc. Les cookies es poden classificar segons la seva vig\u00e8ncia, qui les gestiona o la seva finalitat<\/p><p>SEGONS LA VIG\u00c8NCIA<\/p><p><em>De sessi\u00f3<\/em><em>:<\/em> s\u00f3n temporals i queden a l\u2019arxiu de galetes del vostre navegador fins el moment que abandoneu el lloc web.<\/p><p><em>Persistents<\/em><em>:<\/em> queden emmagatzemades i el lloc web els llegeix cada vegada que hi feu una visita.<\/p><p>SEGONS QUI LES GESTIONI<\/p><p><em>Pr\u00f2pies<\/em><em>:<\/em> s\u00f3n les pr\u00f2pies del titular del lloc web des del que es presten els serveis a l\u2019usuari.<\/p><p><em>De tercers<\/em><em>:<\/em> s\u2019envien a l\u2019usuari per part d\u2019un tercer, diferent al titular del lloc.<\/p><p>SEGONS LA FINALITAT<\/p><p><em>Necess\u00e0ries<\/em><em>:<\/em> les imprescindibles per facilitar la vostra connexi\u00f3. No hi ha opci\u00f3 d\u2019inhabilitar-les, at\u00e8s que s\u00f3n les necess\u00e0ries pel funcionament del lloc web.<\/p><p><em>T\u00e8cniques<\/em><em>: <\/em>les que permeten controlar el tr\u00e0fic i comunicaci\u00f3 de dades, identificar la sessi\u00f3 i accedir a p\u00e0gines d\u2019acc\u00e9s restringit, entre d\u2019altres.<\/p><p><em>De prefer\u00e8ncies<\/em><em>:<\/em> permeten recordar les vostres opcions (per exemple llengua o regi\u00f3 des de la qual accediu), per tal de proporcionar-vos serveis avan\u00e7ats.<\/p><p><em>Anal\u00edtiques<\/em><em>:<\/em> proporcionen informaci\u00f3 estad\u00edstica i permeten millorar els serveis.<\/p><p><em>De publicitat<\/em><em>:<\/em> per a oferir continguts publicitaris relacionats amb els interessos de l\u2019usuari, b\u00e9 directament, b\u00e9 per mitj\u00e0 de tercers (\u201cadservers\u201d).<\/p><p><em>De geolocalitzaci\u00f3<\/em><em>: <\/em>per a con\u00e8ixer la localitzaci\u00f3 geogr\u00e0fica de l\u2019usuari.<\/p><p>Enumerem les cookies que utilitza el nostre lloc web:<\/p><p><div class=\"overflow-llistat-cookies\">\n<table class=\"llistat-cookies\">\n<tbody>\n<tr>\n<th style=\"width: 76px;\">Finalitat<\/th>\n<th style=\"width: 87px;\">Prove\u00efdor<\/th>\n<th style=\"width: 181px;\">Nom de la cookie<\/th>\n<th style=\"width: 65px;\">Gesti\u00f3<\/th>\n<th style=\"width: 75px;\">Vig\u00e8ncia<\/th>\n<th style=\"width: 248px;\">Funci\u00f3<\/th>\n<\/tr>\n<tr>\n<td style=\"width: 76px;\">T\u00e8cniques<\/td>\n<td style=\"width: 87px;\">Pr\u00f2pia<\/td>\n<td style=\"width: 181px;\">PHPSESSID<\/td>\n<td style=\"width: 65px;\">Pr\u00f2pia<\/td>\n<td style=\"width: 75px;\">1 any<\/td>\n<td style=\"width: 248px;\">PHPSESSID. Aquesta cookie s&#8217;ha utilitzat pel llenguatge d&#8217;encriptatge PHP per a permetre que les variables de SESSI\u00d3 es guardin al servidor web.<\/td>\n<\/tr>\n<tr>\n<td style=\"width: 76px;\">T\u00e8cniques<\/td>\n<td style=\"width: 87px;\">Pr\u00f2pia<\/td>\n<td style=\"width: 181px;\">wp-settings-time-1, wp-settings-1<\/td>\n<td style=\"width: 65px;\">Pr\u00f2pia<\/td>\n<td style=\"width: 75px;\">1 any<\/td>\n<td style=\"width: 248px;\">Aquestes cookies s\u00f3n utilitzades per WordPress per a personalitzar la interf\u00edcie d&#8217;usuari.<\/td>\n<\/tr>\n<tr>\n<td style=\"width: 76px;\">T\u00e8cniques<\/td>\n<td style=\"width: 87px;\">Pr\u00f2pia<\/td>\n<td style=\"width: 181px;\">wordpress_logged_in_<\/td>\n<td style=\"width: 65px;\">Pr\u00f2pia<\/td>\n<td style=\"width: 75px;\">1 any<\/td>\n<td style=\"width: 248px;\">Despr\u00e9s del loggin, WordPress activa la cookie wordpress_logged_in_, la funci\u00f3 de la qual \u00e9s indicar quan s&#8217;ha connectat i qui \u00e9s, essent utilitzat per la interf\u00edcie de WordPress.<\/td>\n<\/tr>\n<tr>\n<td style=\"width: 76px;\">T\u00e8cniques<\/td>\n<td style=\"width: 87px;\">Pr\u00f2pia<\/td>\n<td style=\"width: 181px;\">wp-wpml_current_language<\/td>\n<td style=\"width: 65px;\">Pr\u00f2pia<\/td>\n<td style=\"width: 75px;\">1 any<\/td>\n<td style=\"width: 248px;\">Permet recordar l&#8217;idioma de l&#8217;usuari<\/td>\n<\/tr>\n<tr>\n<td style=\"width: 76px;\">T\u00e8cniques<\/td>\n<td style=\"width: 87px;\">Pr\u00f2pia<\/td>\n<td style=\"width: 181px;\">concentiment_cookies<\/td>\n<td style=\"width: 65px;\">Pr\u00f2pia<\/td>\n<td style=\"width: 75px;\">1 any<\/td>\n<td style=\"width: 248px;\">Guarda el valor de l&#8217;acceptaci\u00f3 del cartell de cookies<\/td>\n<\/tr>\n<tr>\n<td style=\"width: 76px;\">T\u00e8cniques<\/td>\n<td style=\"width: 87px;\">Pr\u00f2pia<\/td>\n<td style=\"width: 181px;\">dateExpireCookie<\/td>\n<td style=\"width: 65px;\">Pr\u00f2pia<\/td>\n<td style=\"width: 75px;\">1 any<\/td>\n<td style=\"width: 248px;\">Guarda la data d&#8217;expiraci\u00f3 de la cookie del cartell de cookies<\/td>\n<\/tr>\n<tr>\n<td style=\"width: 76px;\">T\u00e8cniques<\/td>\n<td style=\"width: 87px;\">GOOGLE<\/td>\n<td style=\"width: 181px;\">_GRECAPTCHA<\/td>\n<td style=\"width: 65px;\">Tercers<\/td>\n<td style=\"width: 75px;\">6 mesos<\/td>\n<td style=\"width: 248px;\">Utilitzada per Google, reCAPTCHA desa la cookie _GRECAPTCHA quan s&#8217;executa per proporcionar l&#8217;an\u00e0lisi de riscos.<\/td>\n<\/tr>\n<tr>\n<td style=\"width: 76px;\">Anal\u00edtiques<\/td>\n<td style=\"width: 87px;\">GOOGLE<\/td>\n<td style=\"width: 181px;\">_ga<\/td>\n<td style=\"width: 65px;\">Tercers<\/td>\n<td style=\"width: 75px;\">2 anys<\/td>\n<td style=\"width: 248px;\">Oferir estad\u00edstiques d&#8217;\u00fas dels llocs web. Tamb\u00e9 es poden utilitzar juntament amb algunes de les cookies publicit\u00e0ries descrites anteriorment per a mostrar anuncis m\u00e9s rellevants a les propietats de Google.<\/td>\n<\/tr>\n<tr>\n<td style=\"width: 76px;\">Anal\u00edtiques<\/td>\n<td style=\"width: 87px;\">GOOGLE<\/td>\n<td style=\"width: 181px;\">_gid<\/td>\n<td style=\"width: 65px;\">Tercers<\/td>\n<td style=\"width: 75px;\">23 hores<\/td>\n<td style=\"width: 248px;\">Registra una identificaci\u00f3 \u00fanica que s&#8217;utilitza per a generar dades estad\u00edstiques sobre com el visitant utilitza el lloc web.<\/td>\n<\/tr>\n<tr>\n<td style=\"width: 76px;\">Anal\u00edtiques<\/td>\n<td style=\"width: 87px;\">GOOGLE<\/td>\n<td style=\"width: 181px;\">_gat<\/td>\n<td style=\"width: 65px;\">Tercers<\/td>\n<td style=\"width: 75px;\">1 minut<\/td>\n<td style=\"width: 248px;\">S&#8217;utilitza per a limitar el percentatge de sol\u00b7licituds. Si s&#8217;ha implementat Google Analytics mitjan\u00e7ant Google Tag Manager, aquesta cookie s&#8217;anomenar\u00e0 _dc_gtm_.<\/td>\n<\/tr>\n<tr>\n<td style=\"width: 76px;\">Publicitat<\/td>\n<td style=\"width: 87px;\">GOOGLE<\/td>\n<td style=\"width: 181px;\">_gcl_au<\/td>\n<td style=\"width: 65px;\">Tercers<\/td>\n<td style=\"width: 75px;\">15 dies<\/td>\n<td style=\"width: 248px;\">Utilitzada per Google AdSense per experimentar amb l&#8217;efic\u00e8ncia publicit\u00e0ria als llocs web que utilitzen el seus serveis<\/td>\n<\/tr>\n<\/tbody>\n<\/table>\n<\/div>\n<\/p><p><strong>PANELL DE CONFIGURACI\u00d3 DE COOKIES<\/strong><\/p><p>Des d&#8217;aquest panell podr\u00e0 configurar les galetes que el lloc web pot instal\u00b7lar en el seu navegador, excepte les galetes t\u00e8cniques o funcionals que s\u00f3n necess\u00e0ries per a la navegaci\u00f3 i la utilitzaci\u00f3 de les diferents opcions o serveis que s&#8217;ofereixen.<\/p><p><u id=\"ajustes_cookies_2\">Acc\u00e9s al panell<\/u><\/p><p>Vost\u00e8 pot revocar el consentiment sobre la utilitzaci\u00f3 de cookies eliminant-les per mitj\u00e0 de les opcions que li ofereix el seu navegador. Tamb\u00e9 pot configurar el seu navegador per tal que l\u2019informi pr\u00e8viament de la possible instal\u00b7laci\u00f3 de cookies. En els enlla\u00e7os seg\u00fcents trobar\u00e0 informaci\u00f3 sobre com fer-ho.<\/p><p>&#8211; Per Firefox (<a href=\"http:\/\/support.mozilla.org\/ca\/kb\/Galetes\" target=\"_blank\" rel=\"noopener\">enlla\u00e7<\/a>)<\/p><p>&#8211; Per Chrome (<a href=\"http:\/\/support.google.com\/chrome\/bin\/answer.py?hl=es&amp;answer=95647\" target=\"_blank\" rel=\"noopener\">enlla\u00e7<\/a>)<\/p><p>&#8211; Per Explorer (<a href=\"https:\/\/support.microsoft.com\/es-es\/help\/278835\/how-to-delete-cookie-files-in-internet-explorer\" target=\"_blank\" rel=\"noopener\">enlla\u00e7<\/a>)<\/p><p>&#8211; Per Edge (<a href=\"https:\/\/support.microsoft.com\/es-es\/help\/4027947\/windows-delete-cookies\" target=\"_blank\" rel=\"noopener\">enlla\u00e7<\/a>)<\/p><p>&#8211; Per Safari per IOS (<a href=\"http:\/\/support.apple.com\/kb\/HT1677?viewlocale=es_ES&amp;locale=es_ES\" target=\"_blank\" rel=\"noopener\">enlla\u00e7<\/a>)<\/p><p>&#8211; Per Opera (<a href=\"https:\/\/help.opera.com\/en\/latest\/web-preferences\/#cookies\" target=\"_blank\" rel=\"noopener\">enlla\u00e7<\/a>)<\/p>\t\t\t\t\t\t<\/div>\n\t\t\t\t<\/div>\n\t\t\t\t\t<\/div>\n\t\t<\/div>\n\t\t\t\t\t<\/div>\n\t\t<\/section>\n\t\t\t\t\t<\/div>\n\t\t<\/div>\n\t\t\t\t\t<\/div>\n\t\t<\/section>\n\t\t\t\t<\/div>\n\t\t","protected":false},"excerpt":{"rendered":"<p>Les cookies o galetes s\u00f3n petits arxius de text que s\u2019instal\u00b7len als equips des dels qual s\u2019accedeix al nostre lloc web. Entre altres finalitats, les cookies registren les prefer\u00e8ncies i els h\u00e0bits de navegaci\u00f3 d\u2019un usuari. S\u2019associen a l\u2019usuari i al seu equip, per\u00f2 no proporcionen dades directament identificatives. Algunes cookies, per exemple les que<a class=\"more-link\" href=\"https:\/\/www.proasis.com\/ca\/politica-de-cookies\/\">Continue reading <span class=\"screen-reader-text\">&#8220;Pol\u00edtica de cookies&#8221;<\/span><\/a><\/p>\n","protected":false},"author":1,"featured_media":0,"parent":0,"menu_order":0,"comment_status":"closed","ping_status":"closed","template":"elementor_header_footer","meta":{"_acf_changed":false,"rank_math_lock_modified_date":false,"footnotes":""},"class_list":["post-5175","page","type-page","status-publish","hentry","entry"],"acf":[],"rankMath":{"parentDomain":"www.proasis.com","noFollowDomains":[],"noFollowExcludeDomains":[],"noFollowExternalLinks":false,"featuredImageNotice":"The featured image should be at least 200 by 200 pixels to be picked up by Facebook and other social media sites.","pluginReviewed":true,"postSettings":{"linkSuggestions":true,"useFocusKeyword":false},"frontEndScore":false,"postName":"politica-de-cookies","permalinkFormat":"https:\/\/www.proasis.com\/ca\/%pagename%\/","showLockModifiedDate":true,"assessor":{"focusKeywordLink":"https:\/\/www.proasis.com\/wp-admin\/edit.php?focus_keyword=%focus_keyword%&post_type=%post_type%","hasTOCPlugin":true,"primaryTaxonomy":false,"serpData":{"title":"","description":"","focusKeywords":"","pillarContent":false,"canonicalUrl":"","breadcrumbTitle":"","advancedRobots":{"max-snippet":"-1","max-video-preview":"-1","max-image-preview":"large"},"facebookTitle":"","facebookDescription":"","facebookImage":"","facebookImageID":"","facebookHasOverlay":false,"facebookImageOverlay":"","facebookAuthor":"","twitterCardType":"","twitterUseFacebook":true,"twitterTitle":"","twitterDescription":"","twitterImage":"","twitterImageID":"","twitterHasOverlay":false,"twitterImageOverlay":"","twitterPlayerUrl":"","twitterPlayerSize":"","twitterPlayerStream":"","twitterPlayerStreamCtype":"","twitterAppDescription":"","twitterAppIphoneName":"","twitterAppIphoneID":"","twitterAppIphoneUrl":"","twitterAppIpadName":"","twitterAppIpadID":"","twitterAppIpadUrl":"","twitterAppGoogleplayName":"","twitterAppGoogleplayID":"","twitterAppGoogleplayUrl":"","twitterAppCountry":"","robots":{"index":true},"twitterAuthor":"username","primaryTerm":0,"authorName":"Comunicaci\u00f3 Integral Neorg","titleTemplate":"%title% %sep% %sitename% %currentyear%","descriptionTemplate":"%excerpt%","showScoreFrontend":true,"lockModifiedDate":false},"powerWords":[],"diacritics":{"A":"[\\u0041\\u24B6\\uFF21\\u00C0\\u00C1\\u00C2\\u1EA6\\u1EA4\\u1EAA\\u1EA8\\u00C3\\u0100\\u0102\\u1EB0\\u1EAE\\u1EB4\\u1EB2\\u0226\\u01E0\\u00C4\\u01DE\\u1EA2\\u00C5\\u01FA\\u01CD\\u0200\\u0202\\u1EA0\\u1EAC\\u1EB6\\u1E00\\u0104\\u023A\\u2C6F]","AA":"[\\uA732]","AE":"[\\u00C6\\u01FC\\u01E2]","AO":"[\\uA734]","AU":"[\\uA736]","AV":"[\\uA738\\uA73A]","AY":"[\\uA73C]","B":"[\\u0042\\u24B7\\uFF22\\u1E02\\u1E04\\u1E06\\u0243\\u0182\\u0181]","C":"[\\u0043\\u24B8\\uFF23\\u0106\\u0108\\u010A\\u010C\\u00C7\\u1E08\\u0187\\u023B\\uA73E]","D":"[\\u0044\\u24B9\\uFF24\\u1E0A\\u010E\\u1E0C\\u1E10\\u1E12\\u1E0E\\u0110\\u018B\\u018A\\u0189\\uA779]","DZ":"[\\u01F1\\u01C4]","Dz":"[\\u01F2\\u01C5]","E":"[\\u0045\\u24BA\\uFF25\\u00C8\\u00C9\\u00CA\\u1EC0\\u1EBE\\u1EC4\\u1EC2\\u1EBC\\u0112\\u1E14\\u1E16\\u0114\\u0116\\u00CB\\u1EBA\\u011A\\u0204\\u0206\\u1EB8\\u1EC6\\u0228\\u1E1C\\u0118\\u1E18\\u1E1A\\u0190\\u018E]","F":"[\\u0046\\u24BB\\uFF26\\u1E1E\\u0191\\uA77B]","G":"[\\u0047\\u24BC\\uFF27\\u01F4\\u011C\\u1E20\\u011E\\u0120\\u01E6\\u0122\\u01E4\\u0193\\uA7A0\\uA77D\\uA77E]","H":"[\\u0048\\u24BD\\uFF28\\u0124\\u1E22\\u1E26\\u021E\\u1E24\\u1E28\\u1E2A\\u0126\\u2C67\\u2C75\\uA78D]","I":"[\\u0049\\u24BE\\uFF29\\u00CC\\u00CD\\u00CE\\u0128\\u012A\\u012C\\u0130\\u00CF\\u1E2E\\u1EC8\\u01CF\\u0208\\u020A\\u1ECA\\u012E\\u1E2C\\u0197]","J":"[\\u004A\\u24BF\\uFF2A\\u0134\\u0248]","K":"[\\u004B\\u24C0\\uFF2B\\u1E30\\u01E8\\u1E32\\u0136\\u1E34\\u0198\\u2C69\\uA740\\uA742\\uA744\\uA7A2]","L":"[\\u004C\\u24C1\\uFF2C\\u013F\\u0139\\u013D\\u1E36\\u1E38\\u013B\\u1E3C\\u1E3A\\u0141\\u023D\\u2C62\\u2C60\\uA748\\uA746\\uA780]","LJ":"[\\u01C7]","Lj":"[\\u01C8]","M":"[\\u004D\\u24C2\\uFF2D\\u1E3E\\u1E40\\u1E42\\u2C6E\\u019C]","N":"[\\u004E\\u24C3\\uFF2E\\u01F8\\u0143\\u00D1\\u1E44\\u0147\\u1E46\\u0145\\u1E4A\\u1E48\\u0220\\u019D\\uA790\\uA7A4]","NJ":"[\\u01CA]","Nj":"[\\u01CB]","O":"[\\u004F\\u24C4\\uFF2F\\u00D2\\u00D3\\u00D4\\u1ED2\\u1ED0\\u1ED6\\u1ED4\\u00D5\\u1E4C\\u022C\\u1E4E\\u014C\\u1E50\\u1E52\\u014E\\u022E\\u0230\\u00D6\\u022A\\u1ECE\\u0150\\u01D1\\u020C\\u020E\\u01A0\\u1EDC\\u1EDA\\u1EE0\\u1EDE\\u1EE2\\u1ECC\\u1ED8\\u01EA\\u01EC\\u00D8\\u01FE\\u0186\\u019F\\uA74A\\uA74C]","OI":"[\\u01A2]","OO":"[\\uA74E]","OU":"[\\u0222]","P":"[\\u0050\\u24C5\\uFF30\\u1E54\\u1E56\\u01A4\\u2C63\\uA750\\uA752\\uA754]","Q":"[\\u0051\\u24C6\\uFF31\\uA756\\uA758\\u024A]","R":"[\\u0052\\u24C7\\uFF32\\u0154\\u1E58\\u0158\\u0210\\u0212\\u1E5A\\u1E5C\\u0156\\u1E5E\\u024C\\u2C64\\uA75A\\uA7A6\\uA782]","S":"[\\u0053\\u24C8\\uFF33\\u1E9E\\u015A\\u1E64\\u015C\\u1E60\\u0160\\u1E66\\u1E62\\u1E68\\u0218\\u015E\\u2C7E\\uA7A8\\uA784]","T":"[\\u0054\\u24C9\\uFF34\\u1E6A\\u0164\\u1E6C\\u021A\\u0162\\u1E70\\u1E6E\\u0166\\u01AC\\u01AE\\u023E\\uA786]","TZ":"[\\uA728]","U":"[\\u0055\\u24CA\\uFF35\\u00D9\\u00DA\\u00DB\\u0168\\u1E78\\u016A\\u1E7A\\u016C\\u00DC\\u01DB\\u01D7\\u01D5\\u01D9\\u1EE6\\u016E\\u0170\\u01D3\\u0214\\u0216\\u01AF\\u1EEA\\u1EE8\\u1EEE\\u1EEC\\u1EF0\\u1EE4\\u1E72\\u0172\\u1E76\\u1E74\\u0244]","V":"[\\u0056\\u24CB\\uFF36\\u1E7C\\u1E7E\\u01B2\\uA75E\\u0245]","VY":"[\\uA760]","W":"[\\u0057\\u24CC\\uFF37\\u1E80\\u1E82\\u0174\\u1E86\\u1E84\\u1E88\\u2C72]","X":"[\\u0058\\u24CD\\uFF38\\u1E8A\\u1E8C]","Y":"[\\u0059\\u24CE\\uFF39\\u1EF2\\u00DD\\u0176\\u1EF8\\u0232\\u1E8E\\u0178\\u1EF6\\u1EF4\\u01B3\\u024E\\u1EFE]","Z":"[\\u005A\\u24CF\\uFF3A\\u0179\\u1E90\\u017B\\u017D\\u1E92\\u1E94\\u01B5\\u0224\\u2C7F\\u2C6B\\uA762]","a":"[\\u0061\\u24D0\\uFF41\\u1E9A\\u00E0\\u00E1\\u00E2\\u1EA7\\u1EA5\\u1EAB\\u1EA9\\u00E3\\u0101\\u0103\\u1EB1\\u1EAF\\u1EB5\\u1EB3\\u0227\\u01E1\\u00E4\\u01DF\\u1EA3\\u00E5\\u01FB\\u01CE\\u0201\\u0203\\u1EA1\\u1EAD\\u1EB7\\u1E01\\u0105\\u2C65\\u0250]","aa":"[\\uA733]","ae":"[\\u00E6\\u01FD\\u01E3]","ao":"[\\uA735]","au":"[\\uA737]","av":"[\\uA739\\uA73B]","ay":"[\\uA73D]","b":"[\\u0062\\u24D1\\uFF42\\u1E03\\u1E05\\u1E07\\u0180\\u0183\\u0253]","c":"[\\u0063\\u24D2\\uFF43\\u0107\\u0109\\u010B\\u010D\\u00E7\\u1E09\\u0188\\u023C\\uA73F\\u2184]","d":"[\\u0064\\u24D3\\uFF44\\u1E0B\\u010F\\u1E0D\\u1E11\\u1E13\\u1E0F\\u0111\\u018C\\u0256\\u0257\\uA77A]","dz":"[\\u01F3\\u01C6]","e":"[\\u0065\\u24D4\\uFF45\\u00E8\\u00E9\\u00EA\\u1EC1\\u1EBF\\u1EC5\\u1EC3\\u1EBD\\u0113\\u1E15\\u1E17\\u0115\\u0117\\u00EB\\u1EBB\\u011B\\u0205\\u0207\\u1EB9\\u1EC7\\u0229\\u1E1D\\u0119\\u1E19\\u1E1B\\u0247\\u025B\\u01DD]","f":"[\\u0066\\u24D5\\uFF46\\u1E1F\\u0192\\uA77C]","g":"[\\u0067\\u24D6\\uFF47\\u01F5\\u011D\\u1E21\\u011F\\u0121\\u01E7\\u0123\\u01E5\\u0260\\uA7A1\\u1D79\\uA77F]","h":"[\\u0068\\u24D7\\uFF48\\u0125\\u1E23\\u1E27\\u021F\\u1E25\\u1E29\\u1E2B\\u1E96\\u0127\\u2C68\\u2C76\\u0265]","hv":"[\\u0195]","i":"[\\u0069\\u24D8\\uFF49\\u00EC\\u00ED\\u00EE\\u0129\\u012B\\u012D\\u00EF\\u1E2F\\u1EC9\\u01D0\\u0209\\u020B\\u1ECB\\u012F\\u1E2D\\u0268\\u0131]","j":"[\\u006A\\u24D9\\uFF4A\\u0135\\u01F0\\u0249]","k":"[\\u006B\\u24DA\\uFF4B\\u1E31\\u01E9\\u1E33\\u0137\\u1E35\\u0199\\u2C6A\\uA741\\uA743\\uA745\\uA7A3]","l":"[\\u006C\\u24DB\\uFF4C\\u0140\\u013A\\u013E\\u1E37\\u1E39\\u013C\\u1E3D\\u1E3B\\u017F\\u0142\\u019A\\u026B\\u2C61\\uA749\\uA781\\uA747]","lj":"[\\u01C9]","m":"[\\u006D\\u24DC\\uFF4D\\u1E3F\\u1E41\\u1E43\\u0271\\u026F]","n":"[\\u006E\\u24DD\\uFF4E\\u01F9\\u0144\\u00F1\\u1E45\\u0148\\u1E47\\u0146\\u1E4B\\u1E49\\u019E\\u0272\\u0149\\uA791\\uA7A5]","nj":"[\\u01CC]","o":"[\\u006F\\u24DE\\uFF4F\\u00F2\\u00F3\\u00F4\\u1ED3\\u1ED1\\u1ED7\\u1ED5\\u00F5\\u1E4D\\u022D\\u1E4F\\u014D\\u1E51\\u1E53\\u014F\\u022F\\u0231\\u00F6\\u022B\\u1ECF\\u0151\\u01D2\\u020D\\u020F\\u01A1\\u1EDD\\u1EDB\\u1EE1\\u1EDF\\u1EE3\\u1ECD\\u1ED9\\u01EB\\u01ED\\u00F8\\u01FF\\u0254\\uA74B\\uA74D\\u0275]","oi":"[\\u01A3]","ou":"[\\u0223]","oo":"[\\uA74F]","p":"[\\u0070\\u24DF\\uFF50\\u1E55\\u1E57\\u01A5\\u1D7D\\uA751\\uA753\\uA755]","q":"[\\u0071\\u24E0\\uFF51\\u024B\\uA757\\uA759]","r":"[\\u0072\\u24E1\\uFF52\\u0155\\u1E59\\u0159\\u0211\\u0213\\u1E5B\\u1E5D\\u0157\\u1E5F\\u024D\\u027D\\uA75B\\uA7A7\\uA783]","s":"[\\u0073\\u24E2\\uFF53\\u015B\\u1E65\\u015D\\u1E61\\u0161\\u1E67\\u1E63\\u1E69\\u0219\\u015F\\u023F\\uA7A9\\uA785\\u1E9B]","ss":"[\\u00DF]","t":"[\\u0074\\u24E3\\uFF54\\u1E6B\\u1E97\\u0165\\u1E6D\\u021B\\u0163\\u1E71\\u1E6F\\u0167\\u01AD\\u0288\\u2C66\\uA787]","tz":"[\\uA729]","u":"[\\u0075\\u24E4\\uFF55\\u00F9\\u00FA\\u00FB\\u0169\\u1E79\\u016B\\u1E7B\\u016D\\u00FC\\u01DC\\u01D8\\u01D6\\u01DA\\u1EE7\\u016F\\u0171\\u01D4\\u0215\\u0217\\u01B0\\u1EEB\\u1EE9\\u1EEF\\u1EED\\u1EF1\\u1EE5\\u1E73\\u0173\\u1E77\\u1E75\\u0289]","v":"[\\u0076\\u24E5\\uFF56\\u1E7D\\u1E7F\\u028B\\uA75F\\u028C]","vy":"[\\uA761]","w":"[\\u0077\\u24E6\\uFF57\\u1E81\\u1E83\\u0175\\u1E87\\u1E85\\u1E98\\u1E89\\u2C73]","x":"[\\u0078\\u24E7\\uFF58\\u1E8B\\u1E8D]","y":"[\\u0079\\u24E8\\uFF59\\u1EF3\\u00FD\\u0177\\u1EF9\\u0233\\u1E8F\\u00FF\\u1EF7\\u1E99\\u1EF5\\u01B4\\u024F\\u1EFF]","z":"[\\u007A\\u24E9\\uFF5A\\u017A\\u1E91\\u017C\\u017E\\u1E93\\u1E95\\u01B6\\u0225\\u0240\\u2C6C\\uA763]"},"researchesTests":["contentHasTOC","contentHasShortParagraphs","contentHasAssets","keywordInTitle","keywordInMetaDescription","keywordInPermalink","keywordIn10Percent","keywordInContent","keywordInSubheadings","keywordInImageAlt","keywordDensity","keywordNotUsed","lengthContent","lengthPermalink","linksHasInternal","linksHasExternals","linksNotAllExternals","titleStartWithKeyword","titleSentiment","titleHasPowerWords","titleHasNumber","hasContentAI"],"hasRedirection":false,"hasBreadcrumb":false},"homeUrl":"https:\/\/www.proasis.com\/ca\/","objectID":5175,"objectType":"post","locale":"ca","localeFull":"ca","overlayImages":{"play":{"name":"Play icon","url":"https:\/\/www.proasis.com\/wp-content\/plugins\/seo-by-rank-math\/assets\/admin\/img\/icon-play.png","path":"\/var\/www\/vhosts\/proasis.com\/httpdocs\/wp-content\/plugins\/seo-by-rank-math\/assets\/admin\/img\/icon-play.png","position":"middle_center"},"gif":{"name":"GIF icon","url":"https:\/\/www.proasis.com\/wp-content\/plugins\/seo-by-rank-math\/assets\/admin\/img\/icon-gif.png","path":"\/var\/www\/vhosts\/proasis.com\/httpdocs\/wp-content\/plugins\/seo-by-rank-math\/assets\/admin\/img\/icon-gif.png","position":"middle_center"}},"defautOgImage":"https:\/\/www.proasis.com\/wp-content\/plugins\/seo-by-rank-math\/assets\/admin\/img\/social-placeholder.jpg","customPermalinks":true,"isUserRegistered":true,"autoSuggestKeywords":true,"connectSiteUrl":"https:\/\/rankmath.com\/auth?site=https%3A%2F%2Fwww.proasis.com%2Fca%2F&r=https%3A%2F%2Fwww.proasis.com%2Fca%2Fwp-json%2Fwp%2Fv2%2Fpages%2F5175%3Fnonce%3D55856242f8&pro=1","maxTags":100,"trendsIcon":"<svg viewBox=\"0 0 610 610\"><path d=\"M18.85,446,174.32,290.48l58.08,58.08L76.93,504a14.54,14.54,0,0,1-20.55,0L18.83,466.48a14.54,14.54,0,0,1,0-20.55Z\" style=\"fill:#4285f4\"\/><path d=\"M242.65,242.66,377.59,377.6l-47.75,47.75a14.54,14.54,0,0,1-20.55,0L174.37,290.43l47.75-47.75A14.52,14.52,0,0,1,242.65,242.66Z\" style=\"fill:#ea4335\"\/><polygon points=\"319.53 319.53 479.26 159.8 537.34 217.88 377.61 377.62 319.53 319.53\" style=\"fill:#fabb05\"\/><path d=\"M594.26,262.73V118.61h0a16.94,16.94,0,0,0-16.94-16.94H433.2a16.94,16.94,0,0,0-12,28.92L565.34,274.71h0a16.94,16.94,0,0,0,28.92-12Z\" style=\"fill:#34a853\"\/><rect width=\"610\" height=\"610\" style=\"fill:none\"\/><\/svg>","showScore":true,"siteFavIcon":"https:\/\/www.proasis.com\/wp-content\/uploads\/2021\/04\/Proasis-Navicon-150x150.png","canUser":{"general":false,"advanced":false,"snippet":false,"social":false,"analysis":false,"analytics":false,"content_ai":false},"isPro":true,"is_front_page":false,"trendsUpgradeLink":"https:\/\/rankmath.com\/pricing\/?utm_source=Plugin&utm_medium=CE%20General%20Tab%20Trends&utm_campaign=WP","trendsUpgradeLabel":"Upgrade","trendsPreviewImage":"https:\/\/www.proasis.com\/wp-content\/plugins\/seo-by-rank-math\/assets\/admin\/img\/trends-preview.jpg","currentEditor":false,"homepageData":{"assessor":{"powerWords":[],"diacritics":true,"researchesTests":["contentHasTOC","contentHasShortParagraphs","contentHasAssets","keywordInTitle","keywordInMetaDescription","keywordInPermalink","keywordIn10Percent","keywordInContent","keywordInSubheadings","keywordInImageAlt","keywordDensity","keywordNotUsed","lengthContent","lengthPermalink","linksHasInternal","linksHasExternals","linksNotAllExternals","titleStartWithKeyword","titleSentiment","titleHasPowerWords","titleHasNumber","hasContentAI"],"hasBreadcrumb":false,"serpData":{"title":"%sitename% %page% %sep% %sitedesc%","description":"","titleTemplate":"%sitename% %page% %sep% %sitedesc%","descriptionTemplate":"","focusKeywords":"","breadcrumbTitle":"Home","robots":{"index":true},"advancedRobots":{"max-snippet":"-1","max-video-preview":"-1","max-image-preview":"large"},"facebookTitle":"","facebookDescription":"","facebookImage":"","facebookImageID":""}}},"isAnalyticsConnected":true,"tocTitle":"Contenido del art\u00edculo","tocExcludeHeadings":[],"listStyle":"ul"},"_links":{"self":[{"href":"https:\/\/www.proasis.com\/ca\/wp-json\/wp\/v2\/pages\/5175"}],"collection":[{"href":"https:\/\/www.proasis.com\/ca\/wp-json\/wp\/v2\/pages"}],"about":[{"href":"https:\/\/www.proasis.com\/ca\/wp-json\/wp\/v2\/types\/page"}],"author":[{"embeddable":true,"href":"https:\/\/www.proasis.com\/ca\/wp-json\/wp\/v2\/users\/1"}],"replies":[{"embeddable":true,"href":"https:\/\/www.proasis.com\/ca\/wp-json\/wp\/v2\/comments?post=5175"}],"version-history":[{"count":3,"href":"https:\/\/www.proasis.com\/ca\/wp-json\/wp\/v2\/pages\/5175\/revisions"}],"predecessor-version":[{"id":5188,"href":"https:\/\/www.proasis.com\/ca\/wp-json\/wp\/v2\/pages\/5175\/revisions\/5188"}],"wp:attachment":[{"href":"https:\/\/www.proasis.com\/ca\/wp-json\/wp\/v2\/media?parent=5175"}],"curies":[{"name":"wp","href":"https:\/\/api.w.org\/{rel}","templated":true}]}}